{"id":26,"date":"2016-02-12T08:13:33","date_gmt":"2016-02-12T08:13:33","guid":{"rendered":"http:\/\/demos.famethemes.com\/onepress\/?page_id=26"},"modified":"2022-02-01T15:33:53","modified_gmt":"2022-02-01T15:33:53","slug":"otros-servicios","status":"publish","type":"page","link":"https:\/\/monografiaseideas.com\/index.php\/otros-servicios\/","title":{"rendered":"Otros Servicios"},"content":{"rendered":"<p><b>Art\u00edculos<\/b><\/p>\n<p>Cuando has culminado una investigaci\u00f3n con car\u00e1cter cr\u00edtico, cient\u00edfico, period\u00edstico, monogr\u00e1fico o de opini\u00f3n; usualmente es requerido que comuniques de una manera m\u00e1s sint\u00e9tica sus principales hallazgos, el art\u00edculo es la forma id\u00f3nea. Nosotros te guiamos paso a paso, brindado los elementos metodol\u00f3gicos para su desarrollo.<\/p>\n<p><b>Tipos de Art\u00edculos<\/b><\/p>\n<ul>\n<li><b><\/b><b> &nbsp;&nbsp;&nbsp;&nbsp;<\/b><b>Estudios emp\u00edricos<\/b><\/li>\n<li><b><\/b><b> &nbsp;&nbsp;&nbsp;&nbsp;<\/b><b>Rese\u00f1as de literatura<\/b><\/li>\n<li><b><\/b><b> &nbsp;&nbsp;&nbsp;&nbsp;<\/b><b>Art\u00edculos te\u00f3ricos<\/b><\/li>\n<li><b><\/b><b> &nbsp;&nbsp;&nbsp;&nbsp;<\/b><b>Art\u00edculos metodol\u00f3gicos<\/b><\/li>\n<li><b><\/b><b> &nbsp;&nbsp;&nbsp;&nbsp;<\/b><b>Estudios de caso<\/b><\/li>\n<li><b><\/b><b> &nbsp;&nbsp;&nbsp;&nbsp;<\/b><b>Otros tipos de art\u00edculos<\/b><\/li>\n<\/ul>\n<p><b>Redacci\u00f3n de Cap\u00edtulos <\/b><\/p>\n<p>Despu\u00e9s de la aprobaci\u00f3n de los objetivos de tu investigaci\u00f3n y con base en estos, intervenimos en forma colaborativa y guiada apartados de tu investigaci\u00f3n. Haciendo referencia a los \u00faltimos soportes te\u00f3ricos dados para tu tema.<\/p>\n<p><b>Aplicaci\u00f3n de las Normas de Presentaci\u00f3n<\/b><\/p>\n<p>El buen uso de las normas de presentaci\u00f3n resulta ser la cara visible de tu documento. La correcta citaci\u00f3n de la bibliograf\u00eda que usas como soporte de tu investigaci\u00f3n resulta ser la clave a la hora de evitar temas de similitud o plagio. Se trate de normas APA, ICONTEC, Vancouver, MLA, IEEE o cualquier otra de uso com\u00fan o no, asumimos el formato que requieras para completar la presentaci\u00f3n de tu documento final de investigaci\u00f3n.<\/p>\n<p><b>Rese\u00f1as<\/b><\/p>\n<p>Cuando se trata de abarcar un conjunto grande de bibliograf\u00eda, la rese\u00f1a de libros, papers e investigaciones se convierte en la forma de sintetizar de forma cr\u00edtica las ideas m\u00e1s relevantes. &nbsp;Si tienes un formato para hacer esta recolecci\u00f3n, lo aplicaremos, de otra manera te ofreceremos al m\u00e1s adecuado al tipo de investigaci\u00f3n que est\u00e9s adelantando.<\/p>\n<p><b>Resumen ejecutivo para sustentaci\u00f3n<\/b><\/p>\n<p>Para la defensa de los documentos y el \u00e9xito de tu exposici\u00f3n ante los jurados o autoridades acad\u00e9micas, te brindamos una presentaci\u00f3n que a trav\u00e9s de diapositivas rescata los aspectos m\u00e1s relevantes que deben sobresalir.<\/p>\n<p><a href=\"tel:+573164399827\">\u2706 3164399827<\/a><\/p>\n<p>&nbsp;<\/p>\n<p><img data-recalc-dims=\"1\" loading=\"lazy\" decoding=\"async\" class=\"alignnone size-full wp-image-1539\" src=\"https:\/\/i0.wp.com\/monografiaseideas.com\/wp-content\/uploads\/2018\/02\/10.jpg?resize=620%2C349\" alt=\"\" width=\"620\" height=\"349\" srcset=\"https:\/\/i0.wp.com\/monografiaseideas.com\/wp-content\/uploads\/2018\/02\/10.jpg?w=620&amp;ssl=1 620w, https:\/\/i0.wp.com\/monografiaseideas.com\/wp-content\/uploads\/2018\/02\/10.jpg?resize=300%2C169&amp;ssl=1 300w\" sizes=\"auto, (max-width: 620px) 100vw, 620px\" \/><\/p>\n","protected":false},"excerpt":{"rendered":"<p>Planes de Negocio, art\u00edculos, redacci\u00f3n de cap\u00edtulos de Tesis, aplicaci\u00f3n de las normas de presentaci\u00f3n y citaci\u00f3n, rese\u00f1as, resumenes ejecutivos para sustentaci\u00f3n&#8230;<\/p>\n","protected":false},"author":1,"featured_media":1179,"parent":0,"menu_order":0,"comment_status":"closed","ping_status":"closed","template":"template-left-sidebar.php","meta":{"nf_dc_page":"","om_disable_all_campaigns":false,"_monsterinsights_skip_tracking":false,"_monsterinsights_sitenote_active":false,"_monsterinsights_sitenote_note":"","_monsterinsights_sitenote_category":0,"_joinchat":[],"footnotes":""},"class_list":["post-26","page","type-page","status-publish","has-post-thumbnail","hentry"],"aioseo_notices":[],"yoast_head":"<!-- This site is optimized with the Yoast SEO plugin v27.4 - https:\/\/yoast.com\/product\/yoast-seo-wordpress\/ -->\n<title>Otros Servicios | Monograf\u00ed\u00adas e Ideas<\/title>\n<meta name=\"robots\" content=\"index, follow, max-snippet:-1, max-image-preview:large, max-video-preview:-1\" \/>\n<link rel=\"canonical\" href=\"http:\/\/monografiaseideas.com\/index.php\/otros-servicios\/\" \/>\n<meta property=\"og:locale\" content=\"es_ES\" \/>\n<meta property=\"og:type\" content=\"article\" \/>\n<meta property=\"og:title\" content=\"Otros Servicios | Monograf\u00ed\u00adas e Ideas\" \/>\n<meta property=\"og:description\" content=\"Planes de Negocio, art\u00edculos, redacci\u00f3n de cap\u00edtulos de Tesis, aplicaci\u00f3n de las normas de presentaci\u00f3n y citaci\u00f3n, rese\u00f1as, resumenes ejecutivos para sustentaci\u00f3n...\" \/>\n<meta property=\"og:url\" content=\"http:\/\/monografiaseideas.com\/index.php\/otros-servicios\/\" \/>\n<meta property=\"og:site_name\" content=\"Monograf\u00ed\u00adas e Ideas\" \/>\n<meta property=\"article:modified_time\" content=\"2022-02-01T15:33:53+00:00\" \/>\n<meta property=\"og:image\" content=\"https:\/\/i0.wp.com\/monografiaseideas.com\/wp-content\/uploads\/2016\/02\/business1.jpg?fit=1800%2C1200\" \/>\n\t<meta property=\"og:image:width\" content=\"1800\" \/>\n\t<meta property=\"og:image:height\" content=\"1200\" \/>\n\t<meta property=\"og:image:type\" content=\"image\/jpeg\" \/>\n<meta name=\"twitter:card\" content=\"summary_large_image\" \/>\n<meta name=\"twitter:label1\" content=\"Tiempo de lectura\" \/>\n\t<meta name=\"twitter:data1\" content=\"2 minutos\" \/>\n<script type=\"application\/ld+json\" class=\"yoast-schema-graph\">{\"@context\":\"https:\\\/\\\/schema.org\",\"@graph\":[{\"@type\":\"WebPage\",\"@id\":\"http:\\\/\\\/monografiaseideas.com\\\/index.php\\\/otros-servicios\\\/\",\"url\":\"http:\\\/\\\/monografiaseideas.com\\\/index.php\\\/otros-servicios\\\/\",\"name\":\"Otros Servicios | Monograf\u00ed\u00adas e Ideas\",\"isPartOf\":{\"@id\":\"http:\\\/\\\/monografiaseideas.com\\\/#website\"},\"primaryImageOfPage\":{\"@id\":\"http:\\\/\\\/monografiaseideas.com\\\/index.php\\\/otros-servicios\\\/#primaryimage\"},\"image\":{\"@id\":\"http:\\\/\\\/monografiaseideas.com\\\/index.php\\\/otros-servicios\\\/#primaryimage\"},\"thumbnailUrl\":\"https:\\\/\\\/i0.wp.com\\\/monografiaseideas.com\\\/wp-content\\\/uploads\\\/2016\\\/02\\\/business1.jpg?fit=1800%2C1200&ssl=1\",\"datePublished\":\"2016-02-12T08:13:33+00:00\",\"dateModified\":\"2022-02-01T15:33:53+00:00\",\"breadcrumb\":{\"@id\":\"http:\\\/\\\/monografiaseideas.com\\\/index.php\\\/otros-servicios\\\/#breadcrumb\"},\"inLanguage\":\"es\",\"potentialAction\":[{\"@type\":\"ReadAction\",\"target\":[\"http:\\\/\\\/monografiaseideas.com\\\/index.php\\\/otros-servicios\\\/\"]}]},{\"@type\":\"ImageObject\",\"inLanguage\":\"es\",\"@id\":\"http:\\\/\\\/monografiaseideas.com\\\/index.php\\\/otros-servicios\\\/#primaryimage\",\"url\":\"https:\\\/\\\/i0.wp.com\\\/monografiaseideas.com\\\/wp-content\\\/uploads\\\/2016\\\/02\\\/business1.jpg?fit=1800%2C1200&ssl=1\",\"contentUrl\":\"https:\\\/\\\/i0.wp.com\\\/monografiaseideas.com\\\/wp-content\\\/uploads\\\/2016\\\/02\\\/business1.jpg?fit=1800%2C1200&ssl=1\",\"width\":1800,\"height\":1200},{\"@type\":\"BreadcrumbList\",\"@id\":\"http:\\\/\\\/monografiaseideas.com\\\/index.php\\\/otros-servicios\\\/#breadcrumb\",\"itemListElement\":[{\"@type\":\"ListItem\",\"position\":1,\"name\":\"Portada\",\"item\":\"http:\\\/\\\/monografiaseideas.com\\\/\"},{\"@type\":\"ListItem\",\"position\":2,\"name\":\"Otros Servicios\"}]},{\"@type\":\"WebSite\",\"@id\":\"http:\\\/\\\/monografiaseideas.com\\\/#website\",\"url\":\"http:\\\/\\\/monografiaseideas.com\\\/\",\"name\":\"Monograf\u00ed\u00adas e Ideas\",\"description\":\"Acompa\u00f1amos a nuestros clientes en la elaboraci\u00f3n de manuscritos en v\u00eda de publicaci\u00f3n y aprobaci\u00f3n por autoridades acad\u00e9micas o cient\u00edficas.\",\"publisher\":{\"@id\":\"http:\\\/\\\/monografiaseideas.com\\\/#organization\"},\"potentialAction\":[{\"@type\":\"SearchAction\",\"target\":{\"@type\":\"EntryPoint\",\"urlTemplate\":\"http:\\\/\\\/monografiaseideas.com\\\/?s={search_term_string}\"},\"query-input\":{\"@type\":\"PropertyValueSpecification\",\"valueRequired\":true,\"valueName\":\"search_term_string\"}}],\"inLanguage\":\"es\"},{\"@type\":\"Organization\",\"@id\":\"http:\\\/\\\/monografiaseideas.com\\\/#organization\",\"name\":\"Monograf\u00edas e Ideas\",\"url\":\"http:\\\/\\\/monografiaseideas.com\\\/\",\"logo\":{\"@type\":\"ImageObject\",\"inLanguage\":\"es\",\"@id\":\"http:\\\/\\\/monografiaseideas.com\\\/#\\\/schema\\\/logo\\\/image\\\/\",\"url\":\"https:\\\/\\\/i0.wp.com\\\/monografiaseideas.com\\\/wp-content\\\/uploads\\\/2018\\\/02\\\/cropped-iconMeI-01.png?fit=512%2C512\",\"contentUrl\":\"https:\\\/\\\/i0.wp.com\\\/monografiaseideas.com\\\/wp-content\\\/uploads\\\/2018\\\/02\\\/cropped-iconMeI-01.png?fit=512%2C512\",\"width\":512,\"height\":512,\"caption\":\"Monograf\u00edas e Ideas\"},\"image\":{\"@id\":\"http:\\\/\\\/monografiaseideas.com\\\/#\\\/schema\\\/logo\\\/image\\\/\"}}]}<\/script>\n<!-- \/ Yoast SEO plugin. -->","yoast_head_json":{"title":"Otros Servicios | Monograf\u00ed\u00adas e Ideas","robots":{"index":"index","follow":"follow","max-snippet":"max-snippet:-1","max-image-preview":"max-image-preview:large","max-video-preview":"max-video-preview:-1"},"canonical":"http:\/\/monografiaseideas.com\/index.php\/otros-servicios\/","og_locale":"es_ES","og_type":"article","og_title":"Otros Servicios | Monograf\u00ed\u00adas e Ideas","og_description":"Planes de Negocio, art\u00edculos, redacci\u00f3n de cap\u00edtulos de Tesis, aplicaci\u00f3n de las normas de presentaci\u00f3n y citaci\u00f3n, rese\u00f1as, resumenes ejecutivos para sustentaci\u00f3n...","og_url":"http:\/\/monografiaseideas.com\/index.php\/otros-servicios\/","og_site_name":"Monograf\u00ed\u00adas e Ideas","article_modified_time":"2022-02-01T15:33:53+00:00","og_image":[{"width":1800,"height":1200,"url":"https:\/\/i0.wp.com\/monografiaseideas.com\/wp-content\/uploads\/2016\/02\/business1.jpg?fit=1800%2C1200","type":"image\/jpeg"}],"twitter_card":"summary_large_image","twitter_misc":{"Tiempo de lectura":"2 minutos"},"schema":{"@context":"https:\/\/schema.org","@graph":[{"@type":"WebPage","@id":"http:\/\/monografiaseideas.com\/index.php\/otros-servicios\/","url":"http:\/\/monografiaseideas.com\/index.php\/otros-servicios\/","name":"Otros Servicios | Monograf\u00ed\u00adas e Ideas","isPartOf":{"@id":"http:\/\/monografiaseideas.com\/#website"},"primaryImageOfPage":{"@id":"http:\/\/monografiaseideas.com\/index.php\/otros-servicios\/#primaryimage"},"image":{"@id":"http:\/\/monografiaseideas.com\/index.php\/otros-servicios\/#primaryimage"},"thumbnailUrl":"https:\/\/i0.wp.com\/monografiaseideas.com\/wp-content\/uploads\/2016\/02\/business1.jpg?fit=1800%2C1200&ssl=1","datePublished":"2016-02-12T08:13:33+00:00","dateModified":"2022-02-01T15:33:53+00:00","breadcrumb":{"@id":"http:\/\/monografiaseideas.com\/index.php\/otros-servicios\/#breadcrumb"},"inLanguage":"es","potentialAction":[{"@type":"ReadAction","target":["http:\/\/monografiaseideas.com\/index.php\/otros-servicios\/"]}]},{"@type":"ImageObject","inLanguage":"es","@id":"http:\/\/monografiaseideas.com\/index.php\/otros-servicios\/#primaryimage","url":"https:\/\/i0.wp.com\/monografiaseideas.com\/wp-content\/uploads\/2016\/02\/business1.jpg?fit=1800%2C1200&ssl=1","contentUrl":"https:\/\/i0.wp.com\/monografiaseideas.com\/wp-content\/uploads\/2016\/02\/business1.jpg?fit=1800%2C1200&ssl=1","width":1800,"height":1200},{"@type":"BreadcrumbList","@id":"http:\/\/monografiaseideas.com\/index.php\/otros-servicios\/#breadcrumb","itemListElement":[{"@type":"ListItem","position":1,"name":"Portada","item":"http:\/\/monografiaseideas.com\/"},{"@type":"ListItem","position":2,"name":"Otros Servicios"}]},{"@type":"WebSite","@id":"http:\/\/monografiaseideas.com\/#website","url":"http:\/\/monografiaseideas.com\/","name":"Monograf\u00ed\u00adas e Ideas","description":"Acompa\u00f1amos a nuestros clientes en la elaboraci\u00f3n de manuscritos en v\u00eda de publicaci\u00f3n y aprobaci\u00f3n por autoridades acad\u00e9micas o cient\u00edficas.","publisher":{"@id":"http:\/\/monografiaseideas.com\/#organization"},"potentialAction":[{"@type":"SearchAction","target":{"@type":"EntryPoint","urlTemplate":"http:\/\/monografiaseideas.com\/?s={search_term_string}"},"query-input":{"@type":"PropertyValueSpecification","valueRequired":true,"valueName":"search_term_string"}}],"inLanguage":"es"},{"@type":"Organization","@id":"http:\/\/monografiaseideas.com\/#organization","name":"Monograf\u00edas e Ideas","url":"http:\/\/monografiaseideas.com\/","logo":{"@type":"ImageObject","inLanguage":"es","@id":"http:\/\/monografiaseideas.com\/#\/schema\/logo\/image\/","url":"https:\/\/i0.wp.com\/monografiaseideas.com\/wp-content\/uploads\/2018\/02\/cropped-iconMeI-01.png?fit=512%2C512","contentUrl":"https:\/\/i0.wp.com\/monografiaseideas.com\/wp-content\/uploads\/2018\/02\/cropped-iconMeI-01.png?fit=512%2C512","width":512,"height":512,"caption":"Monograf\u00edas e Ideas"},"image":{"@id":"http:\/\/monografiaseideas.com\/#\/schema\/logo\/image\/"}}]}},"jetpack_sharing_enabled":true,"_links":{"self":[{"href":"https:\/\/monografiaseideas.com\/index.php\/wp-json\/wp\/v2\/pages\/26","targetHints":{"allow":["GET"]}}],"collection":[{"href":"https:\/\/monografiaseideas.com\/index.php\/wp-json\/wp\/v2\/pages"}],"about":[{"href":"https:\/\/monografiaseideas.com\/index.php\/wp-json\/wp\/v2\/types\/page"}],"author":[{"embeddable":true,"href":"https:\/\/monografiaseideas.com\/index.php\/wp-json\/wp\/v2\/users\/1"}],"replies":[{"embeddable":true,"href":"https:\/\/monografiaseideas.com\/index.php\/wp-json\/wp\/v2\/comments?post=26"}],"version-history":[{"count":11,"href":"https:\/\/monografiaseideas.com\/index.php\/wp-json\/wp\/v2\/pages\/26\/revisions"}],"predecessor-version":[{"id":1746,"href":"https:\/\/monografiaseideas.com\/index.php\/wp-json\/wp\/v2\/pages\/26\/revisions\/1746"}],"wp:featuredmedia":[{"embeddable":true,"href":"https:\/\/monografiaseideas.com\/index.php\/wp-json\/wp\/v2\/media\/1179"}],"wp:attachment":[{"href":"https:\/\/monografiaseideas.com\/index.php\/wp-json\/wp\/v2\/media?parent=26"}],"curies":[{"name":"wp","href":"https:\/\/api.w.org\/{rel}","templated":true}]}}